{"id":8,"date":"2018-12-09T14:20:29","date_gmt":"2018-12-09T14:20:29","guid":{"rendered":"http:\/\/fustosnyul19.fnybbqt.hu\/?page_id=8"},"modified":"2020-06-09T13:51:19","modified_gmt":"2020-06-09T13:51:19","slug":"kezdolap","status":"publish","type":"page","link":"https:\/\/fustosnyul.hu\/","title":{"rendered":"Kezd\u0151lap"},"content":{"rendered":"","protected":false},"excerpt":{"rendered":"","protected":false},"author":1,"featured_media":0,"parent":0,"menu_order":0,"comment_status":"closed","ping_status":"closed","template":"","meta":{"footnotes":""},"class_list":["post-8","page","type-page","status-publish","hentry","latest_post"],"yoast_head":"<!-- This site is optimized with the Yoast SEO plugin v27.3 - https:\/\/yoast.com\/product\/yoast-seo-wordpress\/ -->\n<title>Kezd\u0151lap - F\u00fcst\u00f6s Ny\u00fal Kupa 2024<\/title>\n<meta name=\"robots\" content=\"index, follow, max-snippet:-1, max-image-preview:large, max-video-preview:-1\" \/>\n<link rel=\"canonical\" href=\"https:\/\/fustosnyul.hu\/\" \/>\n<meta property=\"og:locale\" content=\"hu_HU\" \/>\n<meta property=\"og:type\" content=\"article\" \/>\n<meta property=\"og:title\" content=\"Kezd\u0151lap - F\u00fcst\u00f6s Ny\u00fal Kupa 2024\" \/>\n<meta property=\"og:url\" content=\"https:\/\/fustosnyul.hu\/\" \/>\n<meta property=\"og:site_name\" content=\"F\u00fcst\u00f6s Ny\u00fal Kupa 2024\" \/>\n<meta property=\"article:publisher\" content=\"https:\/\/www.facebook.com\/fnybbqt\/\" \/>\n<meta property=\"article:modified_time\" content=\"2020-06-09T13:51:19+00:00\" \/>\n<meta name=\"twitter:card\" content=\"summary_large_image\" \/>\n<script type=\"application\/ld+json\" class=\"yoast-schema-graph\">{\"@context\":\"https:\\\/\\\/schema.org\",\"@graph\":[{\"@type\":\"WebPage\",\"@id\":\"https:\\\/\\\/fustosnyul.hu\\\/\",\"url\":\"https:\\\/\\\/fustosnyul.hu\\\/\",\"name\":\"Kezd\u0151lap - F\u00fcst\u00f6s Ny\u00fal Kupa 2024\",\"isPartOf\":{\"@id\":\"https:\\\/\\\/fustosnyul.hu\\\/#website\"},\"datePublished\":\"2018-12-09T14:20:29+00:00\",\"dateModified\":\"2020-06-09T13:51:19+00:00\",\"breadcrumb\":{\"@id\":\"https:\\\/\\\/fustosnyul.hu\\\/#breadcrumb\"},\"inLanguage\":\"hu\",\"potentialAction\":[{\"@type\":\"ReadAction\",\"target\":[\"https:\\\/\\\/fustosnyul.hu\\\/\"]}]},{\"@type\":\"BreadcrumbList\",\"@id\":\"https:\\\/\\\/fustosnyul.hu\\\/#breadcrumb\",\"itemListElement\":[{\"@type\":\"ListItem\",\"position\":1,\"name\":\"Home\",\"item\":\"https:\\\/\\\/fustosnyul.hu\\\/\"},{\"@type\":\"ListItem\",\"position\":2,\"name\":\"Kezd\u0151lap\"}]},{\"@type\":\"WebSite\",\"@id\":\"https:\\\/\\\/fustosnyul.hu\\\/#website\",\"url\":\"https:\\\/\\\/fustosnyul.hu\\\/\",\"name\":\"F\u00fcst\u00f6s Ny\u00fal Kupa 2019\",\"description\":\"Nemzetk\u00f6zi Steaks\u00fct\u0151 verseny \u00e9s Grill &amp; BBQ Fesztiv\u00e1l\",\"publisher\":{\"@id\":\"https:\\\/\\\/fustosnyul.hu\\\/#organization\"},\"potentialAction\":[{\"@type\":\"SearchAction\",\"target\":{\"@type\":\"EntryPoint\",\"urlTemplate\":\"https:\\\/\\\/fustosnyul.hu\\\/?s={search_term_string}\"},\"query-input\":{\"@type\":\"PropertyValueSpecification\",\"valueRequired\":true,\"valueName\":\"search_term_string\"}}],\"inLanguage\":\"hu\"},{\"@type\":\"Organization\",\"@id\":\"https:\\\/\\\/fustosnyul.hu\\\/#organization\",\"name\":\"Feh\u00e9r Ny\u00fal BBQ Team\",\"url\":\"https:\\\/\\\/fustosnyul.hu\\\/\",\"logo\":{\"@type\":\"ImageObject\",\"inLanguage\":\"hu\",\"@id\":\"https:\\\/\\\/fustosnyul.hu\\\/#\\\/schema\\\/logo\\\/image\\\/\",\"url\":\"https:\\\/\\\/fustosnyul.hu\\\/wp-content\\\/uploads\\\/2019\\\/02\\\/fustos_nyul_logo_white_125.png\",\"contentUrl\":\"https:\\\/\\\/fustosnyul.hu\\\/wp-content\\\/uploads\\\/2019\\\/02\\\/fustos_nyul_logo_white_125.png\",\"width\":125,\"height\":125,\"caption\":\"Feh\u00e9r Ny\u00fal BBQ Team\"},\"image\":{\"@id\":\"https:\\\/\\\/fustosnyul.hu\\\/#\\\/schema\\\/logo\\\/image\\\/\"},\"sameAs\":[\"https:\\\/\\\/www.facebook.com\\\/fnybbqt\\\/\",\"https:\\\/\\\/www.instagram.com\\\/fehernyulbbqteam\\\/\"]}]}<\/script>\n<!-- \/ Yoast SEO plugin. -->","yoast_head_json":{"title":"Kezd\u0151lap - F\u00fcst\u00f6s Ny\u00fal Kupa 2024","robots":{"index":"index","follow":"follow","max-snippet":"max-snippet:-1","max-image-preview":"max-image-preview:large","max-video-preview":"max-video-preview:-1"},"canonical":"https:\/\/fustosnyul.hu\/","og_locale":"hu_HU","og_type":"article","og_title":"Kezd\u0151lap - F\u00fcst\u00f6s Ny\u00fal Kupa 2024","og_url":"https:\/\/fustosnyul.hu\/","og_site_name":"F\u00fcst\u00f6s Ny\u00fal Kupa 2024","article_publisher":"https:\/\/www.facebook.com\/fnybbqt\/","article_modified_time":"2020-06-09T13:51:19+00:00","twitter_card":"summary_large_image","schema":{"@context":"https:\/\/schema.org","@graph":[{"@type":"WebPage","@id":"https:\/\/fustosnyul.hu\/","url":"https:\/\/fustosnyul.hu\/","name":"Kezd\u0151lap - F\u00fcst\u00f6s Ny\u00fal Kupa 2024","isPartOf":{"@id":"https:\/\/fustosnyul.hu\/#website"},"datePublished":"2018-12-09T14:20:29+00:00","dateModified":"2020-06-09T13:51:19+00:00","breadcrumb":{"@id":"https:\/\/fustosnyul.hu\/#breadcrumb"},"inLanguage":"hu","potentialAction":[{"@type":"ReadAction","target":["https:\/\/fustosnyul.hu\/"]}]},{"@type":"BreadcrumbList","@id":"https:\/\/fustosnyul.hu\/#breadcrumb","itemListElement":[{"@type":"ListItem","position":1,"name":"Home","item":"https:\/\/fustosnyul.hu\/"},{"@type":"ListItem","position":2,"name":"Kezd\u0151lap"}]},{"@type":"WebSite","@id":"https:\/\/fustosnyul.hu\/#website","url":"https:\/\/fustosnyul.hu\/","name":"F\u00fcst\u00f6s Ny\u00fal Kupa 2019","description":"Nemzetk\u00f6zi Steaks\u00fct\u0151 verseny \u00e9s Grill &amp; BBQ Fesztiv\u00e1l","publisher":{"@id":"https:\/\/fustosnyul.hu\/#organization"},"potentialAction":[{"@type":"SearchAction","target":{"@type":"EntryPoint","urlTemplate":"https:\/\/fustosnyul.hu\/?s={search_term_string}"},"query-input":{"@type":"PropertyValueSpecification","valueRequired":true,"valueName":"search_term_string"}}],"inLanguage":"hu"},{"@type":"Organization","@id":"https:\/\/fustosnyul.hu\/#organization","name":"Feh\u00e9r Ny\u00fal BBQ Team","url":"https:\/\/fustosnyul.hu\/","logo":{"@type":"ImageObject","inLanguage":"hu","@id":"https:\/\/fustosnyul.hu\/#\/schema\/logo\/image\/","url":"https:\/\/fustosnyul.hu\/wp-content\/uploads\/2019\/02\/fustos_nyul_logo_white_125.png","contentUrl":"https:\/\/fustosnyul.hu\/wp-content\/uploads\/2019\/02\/fustos_nyul_logo_white_125.png","width":125,"height":125,"caption":"Feh\u00e9r Ny\u00fal BBQ Team"},"image":{"@id":"https:\/\/fustosnyul.hu\/#\/schema\/logo\/image\/"},"sameAs":["https:\/\/www.facebook.com\/fnybbqt\/","https:\/\/www.instagram.com\/fehernyulbbqteam\/"]}]}},"_links":{"self":[{"href":"https:\/\/fustosnyul.hu\/index.php\/wp-json\/wp\/v2\/pages\/8","targetHints":{"allow":["GET"]}}],"collection":[{"href":"https:\/\/fustosnyul.hu\/index.php\/wp-json\/wp\/v2\/pages"}],"about":[{"href":"https:\/\/fustosnyul.hu\/index.php\/wp-json\/wp\/v2\/types\/page"}],"author":[{"embeddable":true,"href":"https:\/\/fustosnyul.hu\/index.php\/wp-json\/wp\/v2\/users\/1"}],"replies":[{"embeddable":true,"href":"https:\/\/fustosnyul.hu\/index.php\/wp-json\/wp\/v2\/comments?post=8"}],"version-history":[{"count":2,"href":"https:\/\/fustosnyul.hu\/index.php\/wp-json\/wp\/v2\/pages\/8\/revisions"}],"predecessor-version":[{"id":664,"href":"https:\/\/fustosnyul.hu\/index.php\/wp-json\/wp\/v2\/pages\/8\/revisions\/664"}],"wp:attachment":[{"href":"https:\/\/fustosnyul.hu\/index.php\/wp-json\/wp\/v2\/media?parent=8"}],"curies":[{"name":"wp","href":"https:\/\/api.w.org\/{rel}","templated":true}]}}