{"id":56,"date":"2019-01-06T14:26:36","date_gmt":"2019-01-06T14:26:36","guid":{"rendered":"http:\/\/fustosnyul19.fnybbqt.hu\/?page_id=56"},"modified":"2023-06-05T20:01:18","modified_gmt":"2023-06-05T18:01:18","slug":"regisztracio","status":"publish","type":"page","link":"https:\/\/fustosnyul.hu\/index.php\/regisztracio\/","title":{"rendered":""},"content":{"rendered":"\n<p class=\"has-black-color has-text-color\"><\/p>\n\n\n\n<p><\/p>\n","protected":false},"excerpt":{"rendered":"","protected":false},"author":1,"featured_media":201,"parent":0,"menu_order":0,"comment_status":"closed","ping_status":"closed","template":"","meta":{"footnotes":""},"class_list":["post-56","page","type-page","status-publish","has-post-thumbnail","hentry","latest_post"],"yoast_head":"<!-- This site is optimized with the Yoast SEO plugin v27.4 - https:\/\/yoast.com\/product\/yoast-seo-wordpress\/ -->\n<title>- F\u00fcst\u00f6s Ny\u00fal Kupa 2024<\/title>\n<meta name=\"robots\" content=\"index, follow, max-snippet:-1, max-image-preview:large, max-video-preview:-1\" \/>\n<link rel=\"canonical\" href=\"https:\/\/fustosnyul.hu\/index.php\/regisztracio\/\" \/>\n<meta property=\"og:locale\" content=\"hu_HU\" \/>\n<meta property=\"og:type\" content=\"article\" \/>\n<meta property=\"og:title\" content=\"- F\u00fcst\u00f6s Ny\u00fal Kupa 2024\" \/>\n<meta property=\"og:url\" content=\"https:\/\/fustosnyul.hu\/index.php\/regisztracio\/\" \/>\n<meta property=\"og:site_name\" content=\"F\u00fcst\u00f6s Ny\u00fal Kupa 2024\" \/>\n<meta property=\"article:publisher\" content=\"https:\/\/www.facebook.com\/fnybbqt\/\" \/>\n<meta property=\"article:modified_time\" content=\"2023-06-05T18:01:18+00:00\" \/>\n<meta property=\"og:image\" content=\"https:\/\/fustosnyul.hu\/wp-content\/uploads\/2019\/02\/DSC_7021-1024x684.jpg\" \/>\n\t<meta property=\"og:image:width\" content=\"1024\" \/>\n\t<meta property=\"og:image:height\" content=\"684\" \/>\n\t<meta property=\"og:image:type\" content=\"image\/jpeg\" \/>\n<meta name=\"twitter:card\" content=\"summary_large_image\" \/>\n<script type=\"application\/ld+json\" class=\"yoast-schema-graph\">{\"@context\":\"https:\\\/\\\/schema.org\",\"@graph\":[{\"@type\":\"WebPage\",\"@id\":\"https:\\\/\\\/fustosnyul.hu\\\/index.php\\\/regisztracio\\\/\",\"url\":\"https:\\\/\\\/fustosnyul.hu\\\/index.php\\\/regisztracio\\\/\",\"name\":\"- F\u00fcst\u00f6s Ny\u00fal Kupa 2024\",\"isPartOf\":{\"@id\":\"https:\\\/\\\/fustosnyul.hu\\\/#website\"},\"primaryImageOfPage\":{\"@id\":\"https:\\\/\\\/fustosnyul.hu\\\/index.php\\\/regisztracio\\\/#primaryimage\"},\"image\":{\"@id\":\"https:\\\/\\\/fustosnyul.hu\\\/index.php\\\/regisztracio\\\/#primaryimage\"},\"thumbnailUrl\":\"https:\\\/\\\/fustosnyul.hu\\\/wp-content\\\/uploads\\\/2019\\\/02\\\/DSC_7021.jpg\",\"datePublished\":\"2019-01-06T14:26:36+00:00\",\"dateModified\":\"2023-06-05T18:01:18+00:00\",\"inLanguage\":\"hu\",\"potentialAction\":[{\"@type\":\"ReadAction\",\"target\":[\"https:\\\/\\\/fustosnyul.hu\\\/index.php\\\/regisztracio\\\/\"]}]},{\"@type\":\"ImageObject\",\"inLanguage\":\"hu\",\"@id\":\"https:\\\/\\\/fustosnyul.hu\\\/index.php\\\/regisztracio\\\/#primaryimage\",\"url\":\"https:\\\/\\\/fustosnyul.hu\\\/wp-content\\\/uploads\\\/2019\\\/02\\\/DSC_7021.jpg\",\"contentUrl\":\"https:\\\/\\\/fustosnyul.hu\\\/wp-content\\\/uploads\\\/2019\\\/02\\\/DSC_7021.jpg\",\"width\":1920,\"height\":1282},{\"@type\":\"WebSite\",\"@id\":\"https:\\\/\\\/fustosnyul.hu\\\/#website\",\"url\":\"https:\\\/\\\/fustosnyul.hu\\\/\",\"name\":\"F\u00fcst\u00f6s Ny\u00fal Kupa 2019\",\"description\":\"Nemzetk\u00f6zi Steaks\u00fct\u0151 verseny \u00e9s Grill &amp; BBQ Fesztiv\u00e1l\",\"publisher\":{\"@id\":\"https:\\\/\\\/fustosnyul.hu\\\/#organization\"},\"potentialAction\":[{\"@type\":\"SearchAction\",\"target\":{\"@type\":\"EntryPoint\",\"urlTemplate\":\"https:\\\/\\\/fustosnyul.hu\\\/?s={search_term_string}\"},\"query-input\":{\"@type\":\"PropertyValueSpecification\",\"valueRequired\":true,\"valueName\":\"search_term_string\"}}],\"inLanguage\":\"hu\"},{\"@type\":\"Organization\",\"@id\":\"https:\\\/\\\/fustosnyul.hu\\\/#organization\",\"name\":\"Feh\u00e9r Ny\u00fal BBQ Team\",\"url\":\"https:\\\/\\\/fustosnyul.hu\\\/\",\"logo\":{\"@type\":\"ImageObject\",\"inLanguage\":\"hu\",\"@id\":\"https:\\\/\\\/fustosnyul.hu\\\/#\\\/schema\\\/logo\\\/image\\\/\",\"url\":\"https:\\\/\\\/fustosnyul.hu\\\/wp-content\\\/uploads\\\/2019\\\/02\\\/fustos_nyul_logo_white_125.png\",\"contentUrl\":\"https:\\\/\\\/fustosnyul.hu\\\/wp-content\\\/uploads\\\/2019\\\/02\\\/fustos_nyul_logo_white_125.png\",\"width\":125,\"height\":125,\"caption\":\"Feh\u00e9r Ny\u00fal BBQ Team\"},\"image\":{\"@id\":\"https:\\\/\\\/fustosnyul.hu\\\/#\\\/schema\\\/logo\\\/image\\\/\"},\"sameAs\":[\"https:\\\/\\\/www.facebook.com\\\/fnybbqt\\\/\",\"https:\\\/\\\/www.instagram.com\\\/fehernyulbbqteam\\\/\"]}]}<\/script>\n<!-- \/ Yoast SEO plugin. -->","yoast_head_json":{"title":"- F\u00fcst\u00f6s Ny\u00fal Kupa 2024","robots":{"index":"index","follow":"follow","max-snippet":"max-snippet:-1","max-image-preview":"max-image-preview:large","max-video-preview":"max-video-preview:-1"},"canonical":"https:\/\/fustosnyul.hu\/index.php\/regisztracio\/","og_locale":"hu_HU","og_type":"article","og_title":"- F\u00fcst\u00f6s Ny\u00fal Kupa 2024","og_url":"https:\/\/fustosnyul.hu\/index.php\/regisztracio\/","og_site_name":"F\u00fcst\u00f6s Ny\u00fal Kupa 2024","article_publisher":"https:\/\/www.facebook.com\/fnybbqt\/","article_modified_time":"2023-06-05T18:01:18+00:00","og_image":[{"width":1024,"height":684,"url":"https:\/\/fustosnyul.hu\/wp-content\/uploads\/2019\/02\/DSC_7021-1024x684.jpg","type":"image\/jpeg"}],"twitter_card":"summary_large_image","schema":{"@context":"https:\/\/schema.org","@graph":[{"@type":"WebPage","@id":"https:\/\/fustosnyul.hu\/index.php\/regisztracio\/","url":"https:\/\/fustosnyul.hu\/index.php\/regisztracio\/","name":"- F\u00fcst\u00f6s Ny\u00fal Kupa 2024","isPartOf":{"@id":"https:\/\/fustosnyul.hu\/#website"},"primaryImageOfPage":{"@id":"https:\/\/fustosnyul.hu\/index.php\/regisztracio\/#primaryimage"},"image":{"@id":"https:\/\/fustosnyul.hu\/index.php\/regisztracio\/#primaryimage"},"thumbnailUrl":"https:\/\/fustosnyul.hu\/wp-content\/uploads\/2019\/02\/DSC_7021.jpg","datePublished":"2019-01-06T14:26:36+00:00","dateModified":"2023-06-05T18:01:18+00:00","inLanguage":"hu","potentialAction":[{"@type":"ReadAction","target":["https:\/\/fustosnyul.hu\/index.php\/regisztracio\/"]}]},{"@type":"ImageObject","inLanguage":"hu","@id":"https:\/\/fustosnyul.hu\/index.php\/regisztracio\/#primaryimage","url":"https:\/\/fustosnyul.hu\/wp-content\/uploads\/2019\/02\/DSC_7021.jpg","contentUrl":"https:\/\/fustosnyul.hu\/wp-content\/uploads\/2019\/02\/DSC_7021.jpg","width":1920,"height":1282},{"@type":"WebSite","@id":"https:\/\/fustosnyul.hu\/#website","url":"https:\/\/fustosnyul.hu\/","name":"F\u00fcst\u00f6s Ny\u00fal Kupa 2019","description":"Nemzetk\u00f6zi Steaks\u00fct\u0151 verseny \u00e9s Grill &amp; BBQ Fesztiv\u00e1l","publisher":{"@id":"https:\/\/fustosnyul.hu\/#organization"},"potentialAction":[{"@type":"SearchAction","target":{"@type":"EntryPoint","urlTemplate":"https:\/\/fustosnyul.hu\/?s={search_term_string}"},"query-input":{"@type":"PropertyValueSpecification","valueRequired":true,"valueName":"search_term_string"}}],"inLanguage":"hu"},{"@type":"Organization","@id":"https:\/\/fustosnyul.hu\/#organization","name":"Feh\u00e9r Ny\u00fal BBQ Team","url":"https:\/\/fustosnyul.hu\/","logo":{"@type":"ImageObject","inLanguage":"hu","@id":"https:\/\/fustosnyul.hu\/#\/schema\/logo\/image\/","url":"https:\/\/fustosnyul.hu\/wp-content\/uploads\/2019\/02\/fustos_nyul_logo_white_125.png","contentUrl":"https:\/\/fustosnyul.hu\/wp-content\/uploads\/2019\/02\/fustos_nyul_logo_white_125.png","width":125,"height":125,"caption":"Feh\u00e9r Ny\u00fal BBQ Team"},"image":{"@id":"https:\/\/fustosnyul.hu\/#\/schema\/logo\/image\/"},"sameAs":["https:\/\/www.facebook.com\/fnybbqt\/","https:\/\/www.instagram.com\/fehernyulbbqteam\/"]}]}},"_links":{"self":[{"href":"https:\/\/fustosnyul.hu\/index.php\/wp-json\/wp\/v2\/pages\/56","targetHints":{"allow":["GET"]}}],"collection":[{"href":"https:\/\/fustosnyul.hu\/index.php\/wp-json\/wp\/v2\/pages"}],"about":[{"href":"https:\/\/fustosnyul.hu\/index.php\/wp-json\/wp\/v2\/types\/page"}],"author":[{"embeddable":true,"href":"https:\/\/fustosnyul.hu\/index.php\/wp-json\/wp\/v2\/users\/1"}],"replies":[{"embeddable":true,"href":"https:\/\/fustosnyul.hu\/index.php\/wp-json\/wp\/v2\/comments?post=56"}],"version-history":[{"count":20,"href":"https:\/\/fustosnyul.hu\/index.php\/wp-json\/wp\/v2\/pages\/56\/revisions"}],"predecessor-version":[{"id":2117,"href":"https:\/\/fustosnyul.hu\/index.php\/wp-json\/wp\/v2\/pages\/56\/revisions\/2117"}],"wp:featuredmedia":[{"embeddable":true,"href":"https:\/\/fustosnyul.hu\/index.php\/wp-json\/wp\/v2\/media\/201"}],"wp:attachment":[{"href":"https:\/\/fustosnyul.hu\/index.php\/wp-json\/wp\/v2\/media?parent=56"}],"curies":[{"name":"wp","href":"https:\/\/api.w.org\/{rel}","templated":true}]}}