{"id":149,"date":"2019-02-10T12:12:49","date_gmt":"2019-02-10T12:12:49","guid":{"rendered":"https:\/\/dev.fustosnyul.hu\/?page_id=149"},"modified":"2020-06-23T15:59:54","modified_gmt":"2020-06-23T15:59:54","slug":"kapcsolat","status":"publish","type":"page","link":"https:\/\/fustosnyul.hu\/index.php\/kapcsolat\/","title":{"rendered":"Kapcsolat"},"content":{"rendered":"\n<h2 class=\"wp-block-heading\">K\u00e9rd\u00e9sed van? <\/h2>\n\n\n\n<p>\u00cdrj nek\u00fcnk az <a href=\"mailto:info@fustosnyul.hu\" target=\"_blank\" aria-label=\"undefined (opens in a new tab)\" rel=\"noreferrer noopener\" class=\"yoast-seo-link\">info@fustosnyul.hu<\/a> c\u00edm\u00fcnkre.<\/p>\n\n\n\n<h3 class=\"wp-block-heading\">Ha szeretn\u00e9l els\u0151k\u00e9nt \u00e9rtes\u00fclni a fejlem\u00e9nyekr\u0151l, iratkozz fel a h\u00edrlevel\u00fcnkre:<\/h3>\n\n\n<script>(function() {\n\twindow.mc4wp = window.mc4wp || {\n\t\tlisteners: [],\n\t\tforms: {\n\t\t\ton: function(evt, cb) {\n\t\t\t\twindow.mc4wp.listeners.push(\n\t\t\t\t\t{\n\t\t\t\t\t\tevent   : evt,\n\t\t\t\t\t\tcallback: cb\n\t\t\t\t\t}\n\t\t\t\t);\n\t\t\t}\n\t\t}\n\t}\n})();\n<\/script><!-- Mailchimp for WordPress v4.12.1 - https:\/\/wordpress.org\/plugins\/mailchimp-for-wp\/ --><form id=\"mc4wp-form-1\" class=\"mc4wp-form mc4wp-form-1147\" method=\"post\" data-id=\"1147\" data-name=\"H\u00edrlev\u00e9l feliratkoz\u00e1s\" ><div class=\"mc4wp-form-fields\"><p>\r\n    <label>Keresztn\u00e9v<\/label>\r\n    <input type=\"text\" name=\"FNAME\">\r\n<\/p>\r\n<p>\r\n    <label>Vezet\u00e9kn\u00e9v<\/label>\r\n    <input type=\"text\" name=\"LNAME\">\r\n<\/p>\r\n\r\n<p>\r\n\t<label>E-mail c\u00edm: \r\n\t\t<input type=\"email\" name=\"EMAIL\" placeholder=\"Az \u00d6n e-mail c\u00edme\" required \/>\r\n<\/label>\r\n<\/p>\r\n<p>\r\n    <label>Mi \u00e9rdekel a legjobban? (t\u00f6bbet is v\u00e1laszthatsz)<\/label> <br>\r\n    <label>\r\n        <input name=\"INTERESTS[c7e2b0263a][]\" type=\"checkbox\" value=\"660051d52d\"\r\n        checked=\"true\"> <span>Steak<\/span>\r\n    <\/label>\r\n    <label>\r\n        <input name=\"INTERESTS[c7e2b0263a][]\" type=\"checkbox\" value=\"453bb687d1\"\r\n        checked=\"true\"> <span>BBQ<\/span>\r\n    <\/label>\r\n    <label>\r\n        <input name=\"INTERESTS[c7e2b0263a][]\" type=\"checkbox\" value=\"082703a295\"\r\n        checked=\"true\"> <span>Versenyz\u00e9s<\/span>\r\n    <\/label>\r\n    <label>\r\n        <input name=\"INTERESTS[c7e2b0263a][]\" type=\"checkbox\" value=\"a96a25dc52\"\r\n        checked=\"true\"> <span>B\u00edr\u00e1l\u00e1s<\/span>\r\n    <\/label>\r\n    <label>\r\n        <input name=\"INTERESTS[c7e2b0263a][]\" type=\"checkbox\" value=\"6cec2e6831\"\r\n        checked=\"true\"> <span>Csak n\u00e9z\u0151k\u00e9nt \u00e9rdekl\u0151d\u00f6m<\/span>\r\n    <\/label>\r\n    <label>\r\n        <input name=\"INTERESTS[c7e2b0263a][]\" type=\"checkbox\" value=\"af0dc70cf9\"\r\n        checked=\"true\"> <span>\u00d6nk\u00e9ntesnek jelentkezn\u00e9k<\/span>\r\n    <\/label>\r\n<\/p>\r\n<p>\r\n\t<input type=\"submit\" value=\"Feliratkoz\u00e1s\" \/>\r\n<\/p><\/div><label style=\"display: none !important;\">Ha \u00d6n ember, hagyja \u00fcresen ezt a mez\u0151t: <input type=\"text\" name=\"_mc4wp_honeypot\" value=\"\" tabindex=\"-1\" autocomplete=\"off\" \/><\/label><input type=\"hidden\" name=\"_mc4wp_timestamp\" value=\"1776210550\" \/><input type=\"hidden\" name=\"_mc4wp_form_id\" value=\"1147\" \/><input type=\"hidden\" name=\"_mc4wp_form_element_id\" value=\"mc4wp-form-1\" \/><div class=\"mc4wp-response\"><\/div><\/form><!-- \/ Mailchimp for WordPress Plugin -->\n\n\n<p><\/p>\n","protected":false},"excerpt":{"rendered":"<p>K\u00e9rd\u00e9sed van? \u00cdrj nek\u00fcnk az info@fustosnyul.hu c\u00edm\u00fcnkre. Ha szeretn\u00e9l els\u0151k\u00e9nt \u00e9rtes\u00fclni a fejlem\u00e9nyekr\u0151l, iratkozz fel a h\u00edrlevel\u00fcnkre:<\/p>\n","protected":false},"author":1,"featured_media":0,"parent":0,"menu_order":0,"comment_status":"closed","ping_status":"closed","template":"","meta":{"footnotes":""},"class_list":["post-149","page","type-page","status-publish","hentry","latest_post"],"yoast_head":"<!-- This site is optimized with the Yoast SEO plugin v27.4 - https:\/\/yoast.com\/product\/yoast-seo-wordpress\/ -->\n<title>Kapcsolat - F\u00fcst\u00f6s Ny\u00fal Kupa 2024<\/title>\n<meta name=\"robots\" content=\"index, follow, max-snippet:-1, max-image-preview:large, max-video-preview:-1\" \/>\n<link rel=\"canonical\" href=\"https:\/\/fustosnyul.hu\/index.php\/kapcsolat\/\" \/>\n<meta property=\"og:locale\" content=\"hu_HU\" \/>\n<meta property=\"og:type\" content=\"article\" \/>\n<meta property=\"og:title\" content=\"Kapcsolat - F\u00fcst\u00f6s Ny\u00fal Kupa 2024\" \/>\n<meta property=\"og:description\" content=\"K\u00e9rd\u00e9sed van? \u00cdrj nek\u00fcnk az info@fustosnyul.hu c\u00edm\u00fcnkre. Ha szeretn\u00e9l els\u0151k\u00e9nt \u00e9rtes\u00fclni a fejlem\u00e9nyekr\u0151l, iratkozz fel a h\u00edrlevel\u00fcnkre:\" \/>\n<meta property=\"og:url\" content=\"https:\/\/fustosnyul.hu\/index.php\/kapcsolat\/\" \/>\n<meta property=\"og:site_name\" content=\"F\u00fcst\u00f6s Ny\u00fal Kupa 2024\" \/>\n<meta property=\"article:publisher\" content=\"https:\/\/www.facebook.com\/fnybbqt\/\" \/>\n<meta property=\"article:modified_time\" content=\"2020-06-23T15:59:54+00:00\" \/>\n<meta name=\"twitter:card\" content=\"summary_large_image\" \/>\n<script type=\"application\/ld+json\" class=\"yoast-schema-graph\">{\"@context\":\"https:\\\/\\\/schema.org\",\"@graph\":[{\"@type\":\"WebPage\",\"@id\":\"https:\\\/\\\/fustosnyul.hu\\\/index.php\\\/kapcsolat\\\/\",\"url\":\"https:\\\/\\\/fustosnyul.hu\\\/index.php\\\/kapcsolat\\\/\",\"name\":\"Kapcsolat - F\u00fcst\u00f6s Ny\u00fal Kupa 2024\",\"isPartOf\":{\"@id\":\"https:\\\/\\\/fustosnyul.hu\\\/#website\"},\"datePublished\":\"2019-02-10T12:12:49+00:00\",\"dateModified\":\"2020-06-23T15:59:54+00:00\",\"breadcrumb\":{\"@id\":\"https:\\\/\\\/fustosnyul.hu\\\/index.php\\\/kapcsolat\\\/#breadcrumb\"},\"inLanguage\":\"hu\",\"potentialAction\":[{\"@type\":\"ReadAction\",\"target\":[\"https:\\\/\\\/fustosnyul.hu\\\/index.php\\\/kapcsolat\\\/\"]}]},{\"@type\":\"BreadcrumbList\",\"@id\":\"https:\\\/\\\/fustosnyul.hu\\\/index.php\\\/kapcsolat\\\/#breadcrumb\",\"itemListElement\":[{\"@type\":\"ListItem\",\"position\":1,\"name\":\"Home\",\"item\":\"https:\\\/\\\/fustosnyul.hu\\\/\"},{\"@type\":\"ListItem\",\"position\":2,\"name\":\"Kapcsolat\"}]},{\"@type\":\"WebSite\",\"@id\":\"https:\\\/\\\/fustosnyul.hu\\\/#website\",\"url\":\"https:\\\/\\\/fustosnyul.hu\\\/\",\"name\":\"F\u00fcst\u00f6s Ny\u00fal Kupa 2019\",\"description\":\"Nemzetk\u00f6zi Steaks\u00fct\u0151 verseny \u00e9s Grill &amp; BBQ Fesztiv\u00e1l\",\"publisher\":{\"@id\":\"https:\\\/\\\/fustosnyul.hu\\\/#organization\"},\"potentialAction\":[{\"@type\":\"SearchAction\",\"target\":{\"@type\":\"EntryPoint\",\"urlTemplate\":\"https:\\\/\\\/fustosnyul.hu\\\/?s={search_term_string}\"},\"query-input\":{\"@type\":\"PropertyValueSpecification\",\"valueRequired\":true,\"valueName\":\"search_term_string\"}}],\"inLanguage\":\"hu\"},{\"@type\":\"Organization\",\"@id\":\"https:\\\/\\\/fustosnyul.hu\\\/#organization\",\"name\":\"Feh\u00e9r Ny\u00fal BBQ Team\",\"url\":\"https:\\\/\\\/fustosnyul.hu\\\/\",\"logo\":{\"@type\":\"ImageObject\",\"inLanguage\":\"hu\",\"@id\":\"https:\\\/\\\/fustosnyul.hu\\\/#\\\/schema\\\/logo\\\/image\\\/\",\"url\":\"https:\\\/\\\/fustosnyul.hu\\\/wp-content\\\/uploads\\\/2019\\\/02\\\/fustos_nyul_logo_white_125.png\",\"contentUrl\":\"https:\\\/\\\/fustosnyul.hu\\\/wp-content\\\/uploads\\\/2019\\\/02\\\/fustos_nyul_logo_white_125.png\",\"width\":125,\"height\":125,\"caption\":\"Feh\u00e9r Ny\u00fal BBQ Team\"},\"image\":{\"@id\":\"https:\\\/\\\/fustosnyul.hu\\\/#\\\/schema\\\/logo\\\/image\\\/\"},\"sameAs\":[\"https:\\\/\\\/www.facebook.com\\\/fnybbqt\\\/\",\"https:\\\/\\\/www.instagram.com\\\/fehernyulbbqteam\\\/\"]}]}<\/script>\n<!-- \/ Yoast SEO plugin. -->","yoast_head_json":{"title":"Kapcsolat - F\u00fcst\u00f6s Ny\u00fal Kupa 2024","robots":{"index":"index","follow":"follow","max-snippet":"max-snippet:-1","max-image-preview":"max-image-preview:large","max-video-preview":"max-video-preview:-1"},"canonical":"https:\/\/fustosnyul.hu\/index.php\/kapcsolat\/","og_locale":"hu_HU","og_type":"article","og_title":"Kapcsolat - F\u00fcst\u00f6s Ny\u00fal Kupa 2024","og_description":"K\u00e9rd\u00e9sed van? \u00cdrj nek\u00fcnk az info@fustosnyul.hu c\u00edm\u00fcnkre. Ha szeretn\u00e9l els\u0151k\u00e9nt \u00e9rtes\u00fclni a fejlem\u00e9nyekr\u0151l, iratkozz fel a h\u00edrlevel\u00fcnkre:","og_url":"https:\/\/fustosnyul.hu\/index.php\/kapcsolat\/","og_site_name":"F\u00fcst\u00f6s Ny\u00fal Kupa 2024","article_publisher":"https:\/\/www.facebook.com\/fnybbqt\/","article_modified_time":"2020-06-23T15:59:54+00:00","twitter_card":"summary_large_image","schema":{"@context":"https:\/\/schema.org","@graph":[{"@type":"WebPage","@id":"https:\/\/fustosnyul.hu\/index.php\/kapcsolat\/","url":"https:\/\/fustosnyul.hu\/index.php\/kapcsolat\/","name":"Kapcsolat - F\u00fcst\u00f6s Ny\u00fal Kupa 2024","isPartOf":{"@id":"https:\/\/fustosnyul.hu\/#website"},"datePublished":"2019-02-10T12:12:49+00:00","dateModified":"2020-06-23T15:59:54+00:00","breadcrumb":{"@id":"https:\/\/fustosnyul.hu\/index.php\/kapcsolat\/#breadcrumb"},"inLanguage":"hu","potentialAction":[{"@type":"ReadAction","target":["https:\/\/fustosnyul.hu\/index.php\/kapcsolat\/"]}]},{"@type":"BreadcrumbList","@id":"https:\/\/fustosnyul.hu\/index.php\/kapcsolat\/#breadcrumb","itemListElement":[{"@type":"ListItem","position":1,"name":"Home","item":"https:\/\/fustosnyul.hu\/"},{"@type":"ListItem","position":2,"name":"Kapcsolat"}]},{"@type":"WebSite","@id":"https:\/\/fustosnyul.hu\/#website","url":"https:\/\/fustosnyul.hu\/","name":"F\u00fcst\u00f6s Ny\u00fal Kupa 2019","description":"Nemzetk\u00f6zi Steaks\u00fct\u0151 verseny \u00e9s Grill &amp; BBQ Fesztiv\u00e1l","publisher":{"@id":"https:\/\/fustosnyul.hu\/#organization"},"potentialAction":[{"@type":"SearchAction","target":{"@type":"EntryPoint","urlTemplate":"https:\/\/fustosnyul.hu\/?s={search_term_string}"},"query-input":{"@type":"PropertyValueSpecification","valueRequired":true,"valueName":"search_term_string"}}],"inLanguage":"hu"},{"@type":"Organization","@id":"https:\/\/fustosnyul.hu\/#organization","name":"Feh\u00e9r Ny\u00fal BBQ Team","url":"https:\/\/fustosnyul.hu\/","logo":{"@type":"ImageObject","inLanguage":"hu","@id":"https:\/\/fustosnyul.hu\/#\/schema\/logo\/image\/","url":"https:\/\/fustosnyul.hu\/wp-content\/uploads\/2019\/02\/fustos_nyul_logo_white_125.png","contentUrl":"https:\/\/fustosnyul.hu\/wp-content\/uploads\/2019\/02\/fustos_nyul_logo_white_125.png","width":125,"height":125,"caption":"Feh\u00e9r Ny\u00fal BBQ Team"},"image":{"@id":"https:\/\/fustosnyul.hu\/#\/schema\/logo\/image\/"},"sameAs":["https:\/\/www.facebook.com\/fnybbqt\/","https:\/\/www.instagram.com\/fehernyulbbqteam\/"]}]}},"_links":{"self":[{"href":"https:\/\/fustosnyul.hu\/index.php\/wp-json\/wp\/v2\/pages\/149","targetHints":{"allow":["GET"]}}],"collection":[{"href":"https:\/\/fustosnyul.hu\/index.php\/wp-json\/wp\/v2\/pages"}],"about":[{"href":"https:\/\/fustosnyul.hu\/index.php\/wp-json\/wp\/v2\/types\/page"}],"author":[{"embeddable":true,"href":"https:\/\/fustosnyul.hu\/index.php\/wp-json\/wp\/v2\/users\/1"}],"replies":[{"embeddable":true,"href":"https:\/\/fustosnyul.hu\/index.php\/wp-json\/wp\/v2\/comments?post=149"}],"version-history":[{"count":4,"href":"https:\/\/fustosnyul.hu\/index.php\/wp-json\/wp\/v2\/pages\/149\/revisions"}],"predecessor-version":[{"id":1251,"href":"https:\/\/fustosnyul.hu\/index.php\/wp-json\/wp\/v2\/pages\/149\/revisions\/1251"}],"wp:attachment":[{"href":"https:\/\/fustosnyul.hu\/index.php\/wp-json\/wp\/v2\/media?parent=149"}],"curies":[{"name":"wp","href":"https:\/\/api.w.org\/{rel}","templated":true}]}}